{"id":1166,"date":"2022-11-18T18:39:47","date_gmt":"2022-11-18T18:39:47","guid":{"rendered":"https:\/\/playground.godare.me\/?page_id=1166"},"modified":"2023-05-10T01:24:19","modified_gmt":"2023-05-10T01:24:19","slug":"servicios","status":"publish","type":"page","link":"https:\/\/disegnocapital.com.mx\/index.php\/servicios\/","title":{"rendered":"Servicios"},"content":{"rendered":"<p>[et_pb_section fb_built=&#8221;1&#8243; custom_padding_last_edited=&#8221;on|phone&#8221; _builder_version=&#8221;4.9.10&#8243; _module_preset=&#8221;default&#8221; background_enable_color=&#8221;off&#8221; use_background_color_gradient=&#8221;on&#8221; background_color_gradient_start=&#8221;rgba(0,0,0,0.6)&#8221; background_color_gradient_end=&#8221;rgba(0,0,0,0.6)&#8221; background_color_gradient_direction=&#8221;141deg&#8221; background_image=&#8221;https:\/\/disegnocapital.com.mx\/wp-content\/uploads\/2022\/12\/Home.jpg&#8221; background_blend=&#8221;multiply&#8221; width=&#8221;100%&#8221; module_alignment=&#8221;center&#8221; min_height=&#8221;404px&#8221; custom_margin=&#8221;20px||||false|false&#8221; custom_margin_tablet=&#8221;&#8221; custom_margin_phone=&#8221;0px||||false|false&#8221; custom_margin_last_edited=&#8221;on|phone&#8221; custom_padding=&#8221;100px||||false|false&#8221; custom_padding_tablet=&#8221;&#8221; custom_padding_phone=&#8221;0px||56px||false|false&#8221;][et_pb_row _builder_version=&#8221;4.9.10&#8243; _module_preset=&#8221;default&#8221; min_height=&#8221;269px&#8221;][et_pb_column type=&#8221;4_4&#8243; _builder_version=&#8221;4.9.10&#8243; _module_preset=&#8221;default&#8221;][et_pb_text content_tablet=&#8221;<\/p>\n<h1 style=%22text-align: center;%22>CONOCE NUESTROS SERVICIOS<\/h1>\n<\/p>\n<h2 style=%22text-align: center;%22>Transformamos ideas en soluciones creativas que sobresalen<\/h2>\n<p>&#8221; content_phone=&#8221;<\/p>\n<h1 style=%22text-align: center;%22>CONOCE NUESTROS SERVICIOS<\/h1>\n<\/p>\n<h2 style=%22text-align: center;%22><\/h2>\n<h2 style=%22text-align: center;%22>Transformamos ideas en soluciones creativas que sobresalen<\/h2>\n<p>&#8221; content_last_edited=&#8221;on|phone&#8221; _builder_version=&#8221;4.9.10&#8243; _module_preset=&#8221;default&#8221; header_font=&#8221;lato|700|||||||&#8221; header_text_color=&#8221;#FFFFFF&#8221; header_font_size=&#8221;55px&#8221; header_2_font=&#8221;lato||||||||&#8221; header_2_text_color=&#8221;#FFFFFF&#8221; header_2_font_size=&#8221;30px&#8221; width=&#8221;100%&#8221; width_tablet=&#8221;&#8221; width_phone=&#8221;100%&#8221; width_last_edited=&#8221;on|phone&#8221; max_width=&#8221;100%&#8221; module_alignment=&#8221;center&#8221; min_height=&#8221;100px&#8221; custom_margin=&#8221;100px||||false|false&#8221; custom_margin_tablet=&#8221;110px||||false|false&#8221; custom_margin_phone=&#8221;80px||||false|false&#8221; custom_margin_last_edited=&#8221;on|phone&#8221; text_font_size_tablet=&#8221;&#8221; text_font_size_phone=&#8221;&#8221; text_font_size_last_edited=&#8221;on|tablet&#8221; header_font_size_tablet=&#8221;35px&#8221; header_font_size_phone=&#8221;30px&#8221; header_font_size_last_edited=&#8221;on|phone&#8221; header_2_font_size_tablet=&#8221;26px&#8221; header_2_font_size_phone=&#8221;19px&#8221; header_2_font_size_last_edited=&#8221;on|phone&#8221;]<\/p>\n<h1 style=\"text-align: center;\">CONOCE NUESTROS <span style=\"text-decoration: underline; text-decoration-color: #7FD925; text-underline-offset: 10px;\">SERVICIOS<\/span><\/h1>\n<p>&nbsp;<\/p>\n<h2 style=\"text-align: center;\">Transformamos ideas en soluciones creativas que sobresalen<\/h2>\n<p>[\/et_pb_text][\/et_pb_column][\/et_pb_row][\/et_pb_section][et_pb_section fb_built=&#8221;1&#8243; _builder_version=&#8221;4.9.10&#8243; _module_preset=&#8221;default&#8221; width=&#8221;100%&#8221; module_alignment=&#8221;center&#8221; custom_padding=&#8221;||0px||false|false&#8221;][et_pb_row column_structure=&#8221;1_2,1_2&#8243; use_custom_gutter=&#8221;on&#8221; gutter_width=&#8221;1&#8243; make_equal=&#8221;on&#8221; disabled_on=&#8221;off|off|off&#8221; module_id=&#8221;displays-section&#8221; _builder_version=&#8221;4.9.10&#8243; _module_preset=&#8221;default&#8221; width=&#8221;100%&#8221; max_width=&#8221;2513px&#8221; module_alignment=&#8221;center&#8221; max_height=&#8221;984px&#8221; custom_margin=&#8221;|auto||auto|false|false&#8221; custom_padding=&#8221;50px|0px|50px|0px|false|false&#8221; hover_enabled=&#8221;0&#8243; sticky_enabled=&#8221;0&#8243;][et_pb_column type=&#8221;1_2&#8243; _builder_version=&#8221;4.9.10&#8243; _module_preset=&#8221;default&#8221;][wdcl_image_carousel slide_count=&#8221;1&#8243; arrow_color=&#8221;#FFFFFF&#8221; arrow_bg=&#8221;#000000&#8243; _builder_version=&#8221;4.9.10&#8243; _module_preset=&#8221;default&#8221; custom_margin=&#8221;|40px||40px|false|false&#8221; hover_enabled=&#8221;0&#8243; custom_padding=&#8221;||15px||false|false&#8221; sticky_enabled=&#8221;0&#8243;][wdcl_image_carousel_child photo=&#8221;https:\/\/disegnocapital.com.mx\/wp-content\/uploads\/2022\/12\/displays-2.jpg&#8221; _builder_version=&#8221;4.9.10&#8243; _module_preset=&#8221;default&#8221;][\/wdcl_image_carousel_child][wdcl_image_carousel_child photo=&#8221;https:\/\/disegnocapital.com.mx\/wp-content\/uploads\/2022\/12\/displays-3.jpg&#8221; _builder_version=&#8221;4.9.10&#8243; _module_preset=&#8221;default&#8221;][\/wdcl_image_carousel_child][wdcl_image_carousel_child photo=&#8221;https:\/\/disegnocapital.com.mx\/wp-content\/uploads\/2022\/12\/displays-4.jpg&#8221; _builder_version=&#8221;4.9.10&#8243; _module_preset=&#8221;default&#8221;][\/wdcl_image_carousel_child][wdcl_image_carousel_child photo=&#8221;https:\/\/disegnocapital.com.mx\/wp-content\/uploads\/2022\/12\/displays-5.jpg&#8221; _builder_version=&#8221;4.9.10&#8243; _module_preset=&#8221;default&#8221;][\/wdcl_image_carousel_child][wdcl_image_carousel_child photo=&#8221;https:\/\/disegnocapital.com.mx\/wp-content\/uploads\/2022\/12\/displays.jpg&#8221; _builder_version=&#8221;4.9.10&#8243; _module_preset=&#8221;default&#8221;][\/wdcl_image_carousel_child][\/wdcl_image_carousel][\/et_pb_column][et_pb_column type=&#8221;1_2&#8243; _builder_version=&#8221;4.9.10&#8243; _module_preset=&#8221;default&#8221;][et_pb_text _builder_version=&#8221;4.9.10&#8243; _module_preset=&#8221;default&#8221; text_font_size=&#8221;20px&#8221; text_line_height=&#8221;1.8em&#8221; custom_padding=&#8221;|40px||40px|false|true&#8221; hover_enabled=&#8221;0&#8243; sticky_enabled=&#8221;0&#8243;]<\/p>\n<h1><strong>DISPLAYS<\/strong><\/h1>\n<p>Fabricamos cualquier tipo de display en diferentes materiales como MDF, acr\u00edlico, l\u00e1mina, tela sublimada, vinil.<\/p>\n<p>[\/et_pb_text][\/et_pb_column][\/et_pb_row][et_pb_row column_structure=&#8221;1_2,1_2&#8243; use_custom_gutter=&#8221;on&#8221; gutter_width=&#8221;1&#8243; make_equal=&#8221;on&#8221; disabled_on=&#8221;off|off|off&#8221; module_id=&#8221;activaciones-section&#8221; _builder_version=&#8221;4.9.10&#8243; _module_preset=&#8221;default&#8221; background_color=&#8221;RGBA(0,0,0,0)&#8221; width=&#8221;100%&#8221; max_width=&#8221;2513px&#8221; module_alignment=&#8221;center&#8221; max_height=&#8221;984px&#8221; custom_margin=&#8221;|auto||auto|false|false&#8221; custom_padding=&#8221;50px||50px||false|false&#8221; hover_enabled=&#8221;0&#8243; sticky_enabled=&#8221;0&#8243; custom_css_main_element=&#8221;display: flex;||flex-wrap: wrap;&#8221;][et_pb_column type=&#8221;1_2&#8243; _builder_version=&#8221;4.9.10&#8243; _module_preset=&#8221;default&#8221; hover_enabled=&#8221;0&#8243; sticky_enabled=&#8221;0&#8243; custom_css_main_element=&#8221;order:2!important&#8221;][et_pb_text _builder_version=&#8221;4.9.10&#8243; _module_preset=&#8221;default&#8221; text_text_color=&#8221;#252525&#8243; text_font_size=&#8221;20px&#8221; text_line_height=&#8221;1.8em&#8221; header_text_color=&#8221;#252525&#8243; custom_padding=&#8221;|40px||40px|false|true&#8221; hover_enabled=&#8221;0&#8243; sticky_enabled=&#8221;0&#8243;]<\/p>\n<h1><strong>ACTIVACIONES<\/strong><\/h1>\n<p>Impulsamos marcas y generamos experiencias \u00fanicas para los consumidores de nuestros clientes.<\/p>\n<p>[\/et_pb_text][\/et_pb_column][et_pb_column type=&#8221;1_2&#8243; _builder_version=&#8221;4.9.10&#8243; _module_preset=&#8221;default&#8221; hover_enabled=&#8221;0&#8243; custom_css_main_element=&#8221;order:1!important&#8221; sticky_enabled=&#8221;0&#8243;][wdcl_image_carousel slide_count=&#8221;1&#8243; arrow_color=&#8221;#FFFFFF&#8221; arrow_bg=&#8221;#000000&#8243; _builder_version=&#8221;4.9.10&#8243; _module_preset=&#8221;default&#8221; custom_margin=&#8221;|40px||40px|false|false&#8221; sticky_enabled=&#8221;0&#8243; custom_padding=&#8221;||15px||false|false&#8221;][wdcl_image_carousel_child photo=&#8221;https:\/\/disegnocapital.com.mx\/wp-content\/uploads\/2022\/12\/activaciones.jpg&#8221; _builder_version=&#8221;4.9.10&#8243; _module_preset=&#8221;default&#8221;][\/wdcl_image_carousel_child][wdcl_image_carousel_child photo=&#8221;https:\/\/disegnocapital.com.mx\/wp-content\/uploads\/2022\/12\/activaciones-2.jpg&#8221; _builder_version=&#8221;4.9.10&#8243; _module_preset=&#8221;default&#8221;][\/wdcl_image_carousel_child][\/wdcl_image_carousel][\/et_pb_column][\/et_pb_row][et_pb_row column_structure=&#8221;1_2,1_2&#8243; use_custom_gutter=&#8221;on&#8221; gutter_width=&#8221;1&#8243; make_equal=&#8221;on&#8221; disabled_on=&#8221;off|off|off&#8221; module_id=&#8221;eventos-section&#8221; _builder_version=&#8221;4.9.10&#8243; _module_preset=&#8221;default&#8221; width=&#8221;100%&#8221; max_width=&#8221;2513px&#8221; module_alignment=&#8221;center&#8221; max_height=&#8221;984px&#8221; custom_margin=&#8221;|auto||auto|false|false&#8221; custom_padding=&#8221;50px||50px||false|false&#8221; hover_enabled=&#8221;0&#8243; sticky_enabled=&#8221;0&#8243;][et_pb_column type=&#8221;1_2&#8243; _builder_version=&#8221;4.9.10&#8243; _module_preset=&#8221;default&#8221;][wdcl_image_carousel slide_count=&#8221;1&#8243; arrow_color=&#8221;#FFFFFF&#8221; arrow_bg=&#8221;#000000&#8243; _builder_version=&#8221;4.9.10&#8243; _module_preset=&#8221;default&#8221; custom_margin=&#8221;|40px||40px|false|false&#8221; custom_padding=&#8221;||15px||false|false&#8221;][wdcl_image_carousel_child photo=&#8221;https:\/\/disegnocapital.com.mx\/wp-content\/uploads\/2022\/12\/eventos.jpg&#8221; _builder_version=&#8221;4.9.10&#8243; _module_preset=&#8221;default&#8221;][\/wdcl_image_carousel_child][wdcl_image_carousel_child photo=&#8221;https:\/\/disegnocapital.com.mx\/wp-content\/uploads\/2022\/12\/eventos-2.jpg&#8221; _builder_version=&#8221;4.9.10&#8243; _module_preset=&#8221;default&#8221;][\/wdcl_image_carousel_child][wdcl_image_carousel_child photo=&#8221;https:\/\/disegnocapital.com.mx\/wp-content\/uploads\/2022\/12\/eventos-3.jpg&#8221; _builder_version=&#8221;4.9.10&#8243; _module_preset=&#8221;default&#8221;][\/wdcl_image_carousel_child][\/wdcl_image_carousel][\/et_pb_column][et_pb_column type=&#8221;1_2&#8243; _builder_version=&#8221;4.9.10&#8243; _module_preset=&#8221;default&#8221;][et_pb_text _builder_version=&#8221;4.9.10&#8243; _module_preset=&#8221;default&#8221; text_font_size=&#8221;20px&#8221; text_line_height=&#8221;1.8em&#8221; custom_padding=&#8221;|40px||40px|false|true&#8221;]<\/p>\n<h1><strong>EVENTOS<\/strong><\/h1>\n<p>Trabajamos diversidad de eventos, desde lanzamientos corporativos, sociales como fiestas de fin de a\u00f1o y convenciones, hasta show con drones.<\/p>\n<p>[\/et_pb_text][\/et_pb_column][\/et_pb_row][et_pb_row column_structure=&#8221;1_2,1_2&#8243; use_custom_gutter=&#8221;on&#8221; gutter_width=&#8221;1&#8243; make_equal=&#8221;on&#8221; disabled_on=&#8221;off|off|off&#8221; module_id=&#8221;stands-section&#8221; _builder_version=&#8221;4.9.10&#8243; _module_preset=&#8221;default&#8221; background_color=&#8221;RGBA(0,0,0,0)&#8221; width=&#8221;100%&#8221; max_width=&#8221;2513px&#8221; module_alignment=&#8221;center&#8221; max_height=&#8221;984px&#8221; custom_margin=&#8221;|auto||auto|false|false&#8221; custom_padding=&#8221;50px||50px||false|false&#8221; hover_enabled=&#8221;0&#8243; custom_css_main_element=&#8221;display: flex;||flex-wrap: wrap;&#8221; sticky_enabled=&#8221;0&#8243;][et_pb_column type=&#8221;1_2&#8243; _builder_version=&#8221;4.9.10&#8243; _module_preset=&#8221;default&#8221; hover_enabled=&#8221;0&#8243; custom_css_main_element=&#8221;order:2&#8243; sticky_enabled=&#8221;0&#8243;][et_pb_text _builder_version=&#8221;4.9.10&#8243; _module_preset=&#8221;default&#8221; text_font_size=&#8221;20px&#8221; text_line_height=&#8221;1.8em&#8221; custom_padding=&#8221;|40px||40px|false|true&#8221;]<\/p>\n<h1><strong>STANDS<\/strong><\/h1>\n<p>Desarrollamos y fabricamos stands para diferentes ubicaciones y ocasiones como convenciones, festivales y ferias.<\/p>\n<p>[\/et_pb_text][\/et_pb_column][et_pb_column type=&#8221;1_2&#8243; _builder_version=&#8221;4.9.10&#8243; _module_preset=&#8221;default&#8221; hover_enabled=&#8221;0&#8243; custom_css_main_element=&#8221;order:1&#8243; sticky_enabled=&#8221;0&#8243;][wdcl_image_carousel slide_count=&#8221;1&#8243; arrow_color=&#8221;#FFFFFF&#8221; arrow_bg=&#8221;#000000&#8243; _builder_version=&#8221;4.9.10&#8243; _module_preset=&#8221;default&#8221; custom_margin=&#8221;|40px||40px|false|false&#8221; custom_padding=&#8221;||15px||false|false&#8221;][wdcl_image_carousel_child photo=&#8221;https:\/\/disegnocapital.com.mx\/wp-content\/uploads\/2022\/12\/stand-3.jpg&#8221; _builder_version=&#8221;4.9.10&#8243; _module_preset=&#8221;default&#8221;][\/wdcl_image_carousel_child][wdcl_image_carousel_child photo=&#8221;https:\/\/disegnocapital.com.mx\/wp-content\/uploads\/2022\/12\/stand-2.jpg&#8221; _builder_version=&#8221;4.9.10&#8243; _module_preset=&#8221;default&#8221;][\/wdcl_image_carousel_child][wdcl_image_carousel_child photo=&#8221;https:\/\/disegnocapital.com.mx\/wp-content\/uploads\/2022\/12\/stand.jpg&#8221; _builder_version=&#8221;4.9.10&#8243; _module_preset=&#8221;default&#8221;][\/wdcl_image_carousel_child][\/wdcl_image_carousel][\/et_pb_column][\/et_pb_row][et_pb_row column_structure=&#8221;1_2,1_2&#8243; use_custom_gutter=&#8221;on&#8221; gutter_width=&#8221;1&#8243; make_equal=&#8221;on&#8221; disabled_on=&#8221;off|off|off&#8221; module_id=&#8221;puntos-de-venta-section&#8221; _builder_version=&#8221;4.9.10&#8243; _module_preset=&#8221;default&#8221; width=&#8221;100%&#8221; max_width=&#8221;2513px&#8221; module_alignment=&#8221;center&#8221; max_height=&#8221;984px&#8221; custom_margin=&#8221;|auto||auto|false|false&#8221; custom_padding=&#8221;50px||50px||false|false&#8221; hover_enabled=&#8221;0&#8243; sticky_enabled=&#8221;0&#8243;][et_pb_column type=&#8221;1_2&#8243; _builder_version=&#8221;4.9.10&#8243; _module_preset=&#8221;default&#8221;][wdcl_image_carousel slide_count=&#8221;1&#8243; arrow_color=&#8221;#FFFFFF&#8221; arrow_bg=&#8221;#000000&#8243; _builder_version=&#8221;4.9.10&#8243; _module_preset=&#8221;default&#8221; custom_margin=&#8221;|40px||40px|false|false&#8221; custom_padding=&#8221;||15px||false|false&#8221;][wdcl_image_carousel_child photo=&#8221;https:\/\/disegnocapital.com.mx\/wp-content\/uploads\/2022\/12\/puntos-de-venta-3.jpg&#8221; _builder_version=&#8221;4.9.10&#8243; _module_preset=&#8221;default&#8221;][\/wdcl_image_carousel_child][wdcl_image_carousel_child photo=&#8221;https:\/\/disegnocapital.com.mx\/wp-content\/uploads\/2022\/12\/puntos-de-venta-2.jpg&#8221; _builder_version=&#8221;4.9.10&#8243; _module_preset=&#8221;default&#8221;][\/wdcl_image_carousel_child][wdcl_image_carousel_child photo=&#8221;https:\/\/disegnocapital.com.mx\/wp-content\/uploads\/2022\/12\/puntos-de-venta.jpg&#8221; _builder_version=&#8221;4.9.10&#8243; _module_preset=&#8221;default&#8221;][\/wdcl_image_carousel_child][\/wdcl_image_carousel][\/et_pb_column][et_pb_column type=&#8221;1_2&#8243; _builder_version=&#8221;4.9.10&#8243; _module_preset=&#8221;default&#8221;][et_pb_text _builder_version=&#8221;4.9.10&#8243; _module_preset=&#8221;default&#8221; text_font_size=&#8221;20px&#8221; text_line_height=&#8221;1.8em&#8221; custom_padding=&#8221;|40px||40px|false|true&#8221;]<\/p>\n<h1><strong>DESARROLLO DE<br \/>PUNTOS DE VENTA<\/strong><\/h1>\n<p>Construcci\u00f3n y remodelaci\u00f3n de puntos de venta o locales comerciales.<\/p>\n<p>[\/et_pb_text][\/et_pb_column][\/et_pb_row][\/et_pb_section]<\/p>\n","protected":false},"excerpt":{"rendered":"<p>CONOCE NUESTROS SERVICIOS &nbsp; Transformamos ideas en soluciones creativas que sobresalen DISPLAYS Fabricamos cualquier tipo de display en diferentes materiales como MDF, acr\u00edlico, l\u00e1mina, tela sublimada, vinil. ACTIVACIONES Impulsamos marcas y generamos experiencias \u00fanicas para los consumidores de nuestros clientes. EVENTOS Trabajamos diversidad de eventos, desde lanzamientos corporativos, sociales como fiestas de fin de a\u00f1o [&hellip;]<\/p>\n","protected":false},"author":1,"featured_media":0,"parent":0,"menu_order":0,"comment_status":"closed","ping_status":"closed","template":"","meta":{"_et_pb_use_builder":"on","_et_pb_old_content":"","_et_gb_content_width":""},"_links":{"self":[{"href":"https:\/\/disegnocapital.com.mx\/index.php\/wp-json\/wp\/v2\/pages\/1166"}],"collection":[{"href":"https:\/\/disegnocapital.com.mx\/index.php\/wp-json\/wp\/v2\/pages"}],"about":[{"href":"https:\/\/disegnocapital.com.mx\/index.php\/wp-json\/wp\/v2\/types\/page"}],"author":[{"embeddable":true,"href":"https:\/\/disegnocapital.com.mx\/index.php\/wp-json\/wp\/v2\/users\/1"}],"replies":[{"embeddable":true,"href":"https:\/\/disegnocapital.com.mx\/index.php\/wp-json\/wp\/v2\/comments?post=1166"}],"version-history":[{"count":75,"href":"https:\/\/disegnocapital.com.mx\/index.php\/wp-json\/wp\/v2\/pages\/1166\/revisions"}],"predecessor-version":[{"id":1927,"href":"https:\/\/disegnocapital.com.mx\/index.php\/wp-json\/wp\/v2\/pages\/1166\/revisions\/1927"}],"wp:attachment":[{"href":"https:\/\/disegnocapital.com.mx\/index.php\/wp-json\/wp\/v2\/media?parent=1166"}],"curies":[{"name":"wp","href":"https:\/\/api.w.org\/{rel}","templated":true}]}}