{"id":1438,"date":"2022-12-17T02:18:09","date_gmt":"2022-12-17T02:18:09","guid":{"rendered":"https:\/\/disegnocapital.com.mx\/?page_id=1438"},"modified":"2023-05-10T01:27:24","modified_gmt":"2023-05-10T01:27:24","slug":"nosotros","status":"publish","type":"page","link":"https:\/\/disegnocapital.com.mx\/index.php\/nosotros\/","title":{"rendered":"Nosotros"},"content":{"rendered":"<p>[et_pb_section fb_built=&#8221;1&#8243; disabled_on=&#8221;off|off|off&#8221; _builder_version=&#8221;4.9.10&#8243; _module_preset=&#8221;default&#8221; background_enable_color=&#8221;off&#8221; use_background_color_gradient=&#8221;on&#8221; background_color_gradient_start=&#8221;rgba(0,0,0,0.6)&#8221; background_color_gradient_end=&#8221;rgba(0,0,0,0.6)&#8221; background_color_gradient_direction=&#8221;141deg&#8221; background_image=&#8221;https:\/\/disegnocapital.com.mx\/wp-content\/uploads\/2022\/12\/Nosotros-scaled.jpg&#8221; background_blend=&#8221;multiply&#8221; width=&#8221;100%&#8221; module_alignment=&#8221;center&#8221; min_height=&#8221;377px&#8221; min_height_tablet=&#8221;&#8221; min_height_phone=&#8221;292px&#8221; min_height_last_edited=&#8221;on|phone&#8221; custom_margin=&#8221;95px||||false|false&#8221; custom_margin_tablet=&#8221;&#8221; custom_margin_phone=&#8221;0px||-69px||false|false&#8221; custom_margin_last_edited=&#8221;on|phone&#8221; custom_padding=&#8221;4px||0px|||&#8221;][et_pb_row custom_padding_last_edited=&#8221;on|phone&#8221; _builder_version=&#8221;4.9.10&#8243; _module_preset=&#8221;default&#8221; min_height=&#8221;226px&#8221; custom_margin=&#8221;20px|auto|-23px|auto|false|false&#8221; custom_margin_tablet=&#8221;&#8221; custom_margin_phone=&#8221;-79px|40px||auto|false|false&#8221; custom_margin_last_edited=&#8221;on|phone&#8221; custom_padding=&#8221;0px||0px||false|false&#8221; custom_padding_tablet=&#8221;&#8221; custom_padding_phone=&#8221;1px||||false|false&#8221;][et_pb_column type=&#8221;4_4&#8243; _builder_version=&#8221;4.9.10&#8243; _module_preset=&#8221;default&#8221;][et_pb_text _builder_version=&#8221;4.9.10&#8243; _module_preset=&#8221;default&#8221; header_font=&#8221;lato|700|||||||&#8221; header_text_color=&#8221;#FFFFFF&#8221; header_font_size=&#8221;55px&#8221; header_2_font=&#8221;lato||||||||&#8221; header_2_text_color=&#8221;#FFFFFF&#8221; header_2_font_size=&#8221;30px&#8221; width=&#8221;100%&#8221; width_tablet=&#8221;&#8221; width_phone=&#8221;100%&#8221; width_last_edited=&#8221;on|phone&#8221; max_width=&#8221;100%&#8221; module_alignment=&#8221;center&#8221; min_height=&#8221;55px&#8221; custom_margin=&#8221;100px||||false|false&#8221; custom_margin_tablet=&#8221;110px||||false|false&#8221; custom_margin_phone=&#8221;80px||||false|false&#8221; custom_margin_last_edited=&#8221;on|phone&#8221; custom_padding=&#8221;||17px|||&#8221; header_font_size_tablet=&#8221;49px&#8221; header_font_size_phone=&#8221;43px&#8221; header_font_size_last_edited=&#8221;on|phone&#8221; header_2_font_size_tablet=&#8221;26px&#8221; header_2_font_size_phone=&#8221;19px&#8221; header_2_font_size_last_edited=&#8221;on|phone&#8221;]<\/p>\n<h1 style=\"text-align: center;\"><\/h1>\n<h1 style=\"text-align: center;\"><\/h1>\n<h1 style=\"text-align: center;\"><\/h1>\n<h1 style=\"text-align: center;\">Sobre <span style=\"text-decoration: underline; text-decoration-color: #7FD925; text-underline-offset: 10px;\">Nosotros<\/span><\/h1>\n<h2 style=\"text-align: center;\"><\/h2>\n<p>[\/et_pb_text][\/et_pb_column][\/et_pb_row][\/et_pb_section][et_pb_section fb_built=&#8221;1&#8243; disabled_on=&#8221;off|off|off&#8221; _builder_version=&#8221;4.9.10&#8243; _module_preset=&#8221;default&#8221; custom_margin=&#8221;||-100px||false|false&#8221; custom_margin_tablet=&#8221;&#8221; custom_margin_phone=&#8221;||-100px||false|false&#8221; custom_margin_last_edited=&#8221;on|phone&#8221;][et_pb_row _builder_version=&#8221;4.9.10&#8243; _module_preset=&#8221;default&#8221; min_height=&#8221;309px&#8221; custom_margin=&#8221;||||false|false&#8221; custom_padding=&#8221;0px||2px|||&#8221;][et_pb_column type=&#8221;4_4&#8243; _builder_version=&#8221;4.9.10&#8243; _module_preset=&#8221;default&#8221;][et_pb_text _builder_version=&#8221;4.9.10&#8243; _module_preset=&#8221;default&#8221; text_font=&#8221;lato||||||||&#8221; text_text_color=&#8221;rgba(0,0,0,0.52)&#8221; text_font_size=&#8221;16px&#8221; text_line_height=&#8221;1.8em&#8221; header_font=&#8221;lato|700|||||||&#8221; header_text_align=&#8221;center&#8221; header_text_color=&#8221;#000000&#8243; header_font_size=&#8221;77px&#8221; text_orientation=&#8221;center&#8221; min_height=&#8221;211px&#8221; custom_margin=&#8221;1px||1px||true|false&#8221; custom_padding=&#8221;30px||0px||false|false&#8221; text_font_size_tablet=&#8221;20px&#8221; text_font_size_phone=&#8221;17px&#8221; text_font_size_last_edited=&#8221;on|desktop&#8221; header_font_size_tablet=&#8221;66px&#8221; header_font_size_phone=&#8221;35px&#8221; header_font_size_last_edited=&#8221;on|phone&#8221;]<\/p>\n<p style=\"text-align: left;\">Desde hace m\u00e1s de\u00a0<strong>15 a\u00f1os<\/strong>\u00a0ofrecemos soluciones integrales, creativas e innovadoras para el posicionamiento de marca de los clientes, acompa\u00f1\u00e1ndolos en sus proyectos y logros de sus expectativas. Enfocamos el proceso creativo a\u00a0<span>generar soluciones. <\/span>Nuestra metodolog\u00eda est\u00e1 basada en\u00a0Design Thinking, con un acompa\u00f1amiento estrat\u00e9gico desde el concepto hasta una producci\u00f3n viable.<\/p>\n<p style=\"text-align: left;\">En <strong>Disegno Capital<\/strong> creemos que cada proyecto es \u00fanico y as\u00ed es como acompa\u00f1amos a nuestros clientes en el proceso de conceptualizarlo y proyectarlo de manera creativa, adem\u00e1s de funcional, cumpliendo los objetivos de comunicaci\u00f3n.<\/p>\n<p>[\/et_pb_text][\/et_pb_column][\/et_pb_row][\/et_pb_section][et_pb_section fb_built=&#8221;1&#8243; _builder_version=&#8221;4.9.10&#8243; _module_preset=&#8221;default&#8221; min_height=&#8221;117px&#8221; custom_margin=&#8221;67px|||||&#8221; custom_padding=&#8221;69px||7px|||&#8221;][et_pb_row _builder_version=&#8221;4.9.10&#8243; _module_preset=&#8221;default&#8221; min_height=&#8221;41.8px&#8221; custom_padding=&#8221;||0px|||&#8221;][et_pb_column type=&#8221;4_4&#8243; _builder_version=&#8221;4.9.10&#8243; _module_preset=&#8221;default&#8221;][et_pb_text _builder_version=&#8221;4.9.10&#8243; _module_preset=&#8221;default&#8221; custom_margin=&#8221;-43px|||||&#8221;]<\/p>\n<h2 style=\"text-align: center; font-size:30px\"><strong>Conoce M\u00e1s De Nuestro <span style=\"text-decoration: underline; text-decoration-color: #7FD925; text-underline-offset: 10px;\">Trabajo<\/span><\/strong><\/h2>\n<p>[\/et_pb_text][\/et_pb_column][\/et_pb_row][\/et_pb_section][et_pb_section fb_built=&#8221;1&#8243; _builder_version=&#8221;4.9.10&#8243; _module_preset=&#8221;default&#8221; min_height=&#8221;871.4px&#8221; custom_margin=&#8221;||0px||false|false&#8221; custom_padding=&#8221;20px||0px||false|false&#8221; hover_enabled=&#8221;0&#8243; sticky_enabled=&#8221;0&#8243;][et_pb_row _builder_version=&#8221;4.9.10&#8243; _module_preset=&#8221;default&#8221;][et_pb_column type=&#8221;4_4&#8243; _builder_version=&#8221;4.9.10&#8243; _module_preset=&#8221;default&#8221;][et_pb_accordion open_toggle_text_color=&#8221;#000000&#8243; open_toggle_background_color=&#8221;RGBA(0,0,0,0)&#8221; closed_toggle_text_color=&#8221;#7CDA24&#8243; closed_toggle_background_color=&#8221;#7fd925&#8243; icon_color=&#8221;#FFFFFF&#8221; use_icon_font_size=&#8221;on&#8221; icon_font_size=&#8221;24px&#8221; _builder_version=&#8221;4.9.10&#8243; _module_preset=&#8221;default&#8221; toggle_text_color=&#8221;#FFFFFF&#8221; toggle_level=&#8221;h2&#8243; toggle_font=&#8221;|600|||||||&#8221; toggle_text_align=&#8221;left&#8221; toggle_font_size=&#8221;20px&#8221; body_font_size=&#8221;15px&#8221; body_line_height=&#8221;1.8em&#8221; background_color=&#8221;RGBA(0,0,0,0)&#8221; body_font_size_tablet=&#8221;&#8221; body_font_size_phone=&#8221;&#8221; body_font_size_last_edited=&#8221;on|desktop&#8221; border_radii=&#8221;on|8px|8px|8px|8px&#8221; border_color_all=&#8221;#7CDA24&#8243;][et_pb_accordion_item title=&#8221;EVENTOS&#8221; open_toggle_text_color=&#8221;#000000&#8243; open_toggle_background_color=&#8221;RGBA(0,0,0,0)&#8221; closed_toggle_text_color=&#8221;#FFFFFF&#8221; _builder_version=&#8221;4.9.10&#8243; _module_preset=&#8221;default&#8221; toggle_text_color=&#8221;#FFFFFF&#8221; toggle_font_size_tablet=&#8221;&#8221; toggle_font_size_phone=&#8221;17px&#8221; toggle_font_size_last_edited=&#8221;on|phone&#8221; open=&#8221;on&#8221;]<\/p>\n<p>Hemos sido elegidos por empresas como Embajada &amp; Residencia Brit\u00e1nica, Grupo Modelo, Vogue, BD Laboratorio entre otros para realizar sus eventos. Nos encargamos de idear y proponer una historia que haremos realidad adem\u00e1s de encargarnos de toda la log\u00edstica con producci\u00f3n de eventos sociales y empresariales como:<\/p>\n<p>&nbsp;<\/p>\n<ul>\n<li>Congresos y convenciones.<\/li>\n<li>Lanzamientos de producto.<\/li>\n<li>Bodas.<\/li>\n<\/ul>\n<p>[\/et_pb_accordion_item][et_pb_accordion_item title=&#8221;STANDS &#038; STANDS LOW COST&#8221; closed_toggle_text_color=&#8221;#FFFFFF&#8221; _builder_version=&#8221;4.9.10&#8243; _module_preset=&#8221;default&#8221; open=&#8221;off&#8221;]<\/p>\n<p>Nuestro equipo de profesionales trabaja aplicando conceptos de modulaci\u00f3n, optimizaci\u00f3n de materiales y sustentabilidad ecol\u00f3gica en el dise\u00f1o, producci\u00f3n, log\u00edstica y ejecuci\u00f3n. Consiguiendo\u00a0productos de Comunicaci\u00f3n visual, Stands y Congresos con costes econ\u00f3micos, sin sacrificar de la calidad, novedad o fiabilidad.<\/p>\n<p>&nbsp;<\/p>\n<p>Contamos con m\u00e1s de 10 diferentes dise\u00f1os de stand para que puedas solucionar esos imprevistos<\/p>\n<p>[\/et_pb_accordion_item][et_pb_accordion_item title=&#8221;ARQUITECTURA COMERCIAL &#038; DISPLAY&#8221; open=&#8221;off&#8221; open_toggle_text_color=&#8221;#000000&#8243; closed_toggle_text_color=&#8221;#FFFFFF&#8221; _builder_version=&#8221;4.9.10&#8243; _module_preset=&#8221;default&#8221; toggle_text_color=&#8221;#FFFFFF&#8221;]<\/p>\n<p>Nos encargamos del dise\u00f1o y la construcci\u00f3n de locales y ambientes destinados al uso\u00a0comercial\u00a0o de negocios en su totalidad o de manera parcial, haciendo la conexi\u00f3n entre estilo, belleza arquitect\u00f3nica y funcionalidad. Con el dise\u00f1o de display\u00a0damos soporte a la venta de un producto o un servicio o para realizar alguna promoci\u00f3n en concreto.<\/p>\n<p>[\/et_pb_accordion_item][et_pb_accordion_item title=&#8221;ACTIVACI\u00d3N DE MARCA&#8221; open_toggle_text_color=&#8221;#000000&#8243; closed_toggle_text_color=&#8221;#FFFFFF&#8221; _builder_version=&#8221;4.9.10&#8243; _module_preset=&#8221;default&#8221; toggle_text_color=&#8221;#FFFFFF&#8221; open=&#8221;off&#8221;]<\/p>\n<p style=\"margin-top: 0cm; background: white;\"><span style=\"font-family: 'Arial',sans-serif; color: #202124; background: white;\">La\u00a0<b>activaci\u00f3n de marca<\/b>\u00a0debe ser 360\u00ba y abarcar todas las dimensiones a trav\u00e9s de las cuales \u00e9sta entra en contacto con nuestros p\u00fablicos de inter\u00e9s. Es fundamental que todas sean coherentes, expresen el prop\u00f3sito corporativo y hablen el lenguaje de la\u00a0<b>marca<\/b>. <o:p><\/o:p><\/span><\/p>\n<p>[\/et_pb_accordion_item][et_pb_accordion_item title=&#8221;PUNTO DE VENTA&#8221; open_toggle_text_color=&#8221;#000000&#8243; closed_toggle_text_color=&#8221;#FFFFFF&#8221; _builder_version=&#8221;4.9.10&#8243; _module_preset=&#8221;default&#8221; toggle_text_color=&#8221;#FFFFFF&#8221; open=&#8221;off&#8221;]<\/p>\n<p>Dise\u00f1amos de forma\u00a0estrat\u00e9gica el\u00a0<strong>punto de venta<\/strong>\u00a0buscando resolver problemas, simplificar las cosas y crear experiencias con sentido para los compradores.<\/p>\n<p>[\/et_pb_accordion_item][et_pb_accordion_item title=&#8221;ANALISIS DE DATOS&#8221; open_toggle_text_color=&#8221;#000000&#8243; closed_toggle_text_color=&#8221;#FFFFFF&#8221; _builder_version=&#8221;4.9.10&#8243; _module_preset=&#8221;default&#8221; toggle_text_color=&#8221;#FFFFFF&#8221; open=&#8221;off&#8221;]<\/p>\n<p>\u00bfSabes lo que necesita tu empresa para crecer? La toma de decisiones de negocio basada en el an\u00e1lisis de datos, es un\u00a0proceso enfocado en la recopilaci\u00f3n, an\u00e1lisis y verificaci\u00f3n de los datos para desarrollar estrategias mucho m\u00e1s asertivas y t\u00e1cticas que ayuden a las empresas a alcanzar sus objetivos comerciales. Nosotros te decimos como.<\/p>\n<p>[\/et_pb_accordion_item][\/et_pb_accordion][\/et_pb_column][\/et_pb_row][\/et_pb_section]<\/p>\n","protected":false},"excerpt":{"rendered":"<p>Sobre Nosotros Desde hace m\u00e1s de\u00a015 a\u00f1os\u00a0ofrecemos soluciones integrales, creativas e innovadoras para el posicionamiento de marca de los clientes, acompa\u00f1\u00e1ndolos en sus proyectos y logros de sus expectativas. Enfocamos el proceso creativo a\u00a0generar soluciones. Nuestra metodolog\u00eda est\u00e1 basada en\u00a0Design Thinking, con un acompa\u00f1amiento estrat\u00e9gico desde el concepto hasta una producci\u00f3n viable. En Disegno Capital [&hellip;]<\/p>\n","protected":false},"author":1,"featured_media":0,"parent":0,"menu_order":0,"comment_status":"closed","ping_status":"closed","template":"","meta":{"_et_pb_use_builder":"on","_et_pb_old_content":"","_et_gb_content_width":""},"_links":{"self":[{"href":"https:\/\/disegnocapital.com.mx\/index.php\/wp-json\/wp\/v2\/pages\/1438"}],"collection":[{"href":"https:\/\/disegnocapital.com.mx\/index.php\/wp-json\/wp\/v2\/pages"}],"about":[{"href":"https:\/\/disegnocapital.com.mx\/index.php\/wp-json\/wp\/v2\/types\/page"}],"author":[{"embeddable":true,"href":"https:\/\/disegnocapital.com.mx\/index.php\/wp-json\/wp\/v2\/users\/1"}],"replies":[{"embeddable":true,"href":"https:\/\/disegnocapital.com.mx\/index.php\/wp-json\/wp\/v2\/comments?post=1438"}],"version-history":[{"count":24,"href":"https:\/\/disegnocapital.com.mx\/index.php\/wp-json\/wp\/v2\/pages\/1438\/revisions"}],"predecessor-version":[{"id":1931,"href":"https:\/\/disegnocapital.com.mx\/index.php\/wp-json\/wp\/v2\/pages\/1438\/revisions\/1931"}],"wp:attachment":[{"href":"https:\/\/disegnocapital.com.mx\/index.php\/wp-json\/wp\/v2\/media?parent=1438"}],"curies":[{"name":"wp","href":"https:\/\/api.w.org\/{rel}","templated":true}]}}